{"id":1485,"date":"2021-05-26T14:30:50","date_gmt":"2021-05-26T14:30:50","guid":{"rendered":"https:\/\/www.shalomhealthcenter.org\/?page_id=1485"},"modified":"2021-05-26T16:13:42","modified_gmt":"2021-05-26T16:13:42","slug":"project-2021","status":"publish","type":"page","link":"https:\/\/www.shalomhealthcenter.org\/es\/events\/project-2021\/","title":{"rendered":"Proyecto 2021"},"content":{"rendered":"<div data-elementor-type=\"wp-page\" data-elementor-id=\"1485\" class=\"elementor elementor-1485\" data-elementor-post-type=\"page\">\n\t\t\t\t\t\t<section class=\"elementor-section elementor-top-section elementor-element elementor-element-b3512b2 elementor-section-boxed elementor-section-height-default elementor-section-height-default\" data-id=\"b3512b2\" data-element_type=\"section\" data-e-type=\"section\">\n\t\t\t\t\t\t<div class=\"elementor-container elementor-column-gap-default\">\n\t\t\t\t\t<div class=\"elementor-column elementor-col-100 elementor-top-column elementor-element elementor-element-74171f0\" data-id=\"74171f0\" data-element_type=\"column\" data-e-type=\"column\">\n\t\t\t<div class=\"elementor-widget-wrap elementor-element-populated\">\n\t\t\t\t\t\t<div class=\"elementor-element elementor-element-5cd573c elementor-widget elementor-widget-heading\" data-id=\"5cd573c\" data-element_type=\"widget\" data-e-type=\"widget\" data-widget_type=\"heading.default\">\n\t\t\t\t<div class=\"elementor-widget-container\">\n\t\t\t\t\t<h2 class=\"elementor-heading-title elementor-size-default\">Proyecto 2021<\/h2>\t\t\t\t<\/div>\n\t\t\t\t<\/div>\n\t\t\t\t<div class=\"elementor-element elementor-element-c4d0786 elementor-widget elementor-widget-heading\" data-id=\"c4d0786\" data-element_type=\"widget\" data-e-type=\"widget\" data-widget_type=\"heading.default\">\n\t\t\t\t<div class=\"elementor-widget-container\">\n\t\t\t\t\t<h5 class=\"elementor-heading-title elementor-size-default\">22 de julio de 2021 a las 16:00<\/h5>\t\t\t\t<\/div>\n\t\t\t\t<\/div>\n\t\t\t\t<div class=\"elementor-element elementor-element-bbafa6a elementor-widget elementor-widget-heading\" data-id=\"bbafa6a\" data-element_type=\"widget\" data-e-type=\"widget\" data-widget_type=\"heading.default\">\n\t\t\t\t<div class=\"elementor-widget-container\">\n\t\t\t\t\t<h5 class=\"elementor-heading-title elementor-size-default\">3400 Lafayette Road, Suite 200, Indianapolis, IN 46222<\/h5>\t\t\t\t<\/div>\n\t\t\t\t<\/div>\n\t\t\t\t<div class=\"elementor-element elementor-element-ec2ac45 elementor-widget elementor-widget-text-editor\" data-id=\"ec2ac45\" data-element_type=\"widget\" data-e-type=\"widget\" data-widget_type=\"text-editor.default\">\n\t\t\t\t<div class=\"elementor-widget-container\">\n\t\t\t\t\t\t\t\t\t<p><img fetchpriority=\"high\" decoding=\"async\" class=\"alignright size-medium wp-image-1487\" src=\"https:\/\/www.shalomhealthcenter.org\/wp-content\/uploads\/2021\/05\/Project-2021-300x300.png\" alt=\"\" width=\"300\" height=\"300\" srcset=\"https:\/\/www.shalomhealthcenter.org\/wp-content\/uploads\/2021\/05\/Project-2021-300x300.png 300w, https:\/\/www.shalomhealthcenter.org\/wp-content\/uploads\/2021\/05\/Project-2021-1024x1024.png 1024w, https:\/\/www.shalomhealthcenter.org\/wp-content\/uploads\/2021\/05\/Project-2021-150x150.png 150w, https:\/\/www.shalomhealthcenter.org\/wp-content\/uploads\/2021\/05\/Project-2021-768x768.png 768w, https:\/\/www.shalomhealthcenter.org\/wp-content\/uploads\/2021\/05\/Project-2021-12x12.png 12w, https:\/\/www.shalomhealthcenter.org\/wp-content\/uploads\/2021\/05\/Project-2021.png 1200w\" sizes=\"(max-width: 300px) 100vw, 300px\" \/>En 1994, bas\u00e1ndose en la necesidad que ve\u00edan en nuestra comunidad, dos enfermeras tuvieron la visi\u00f3n de un centro de salud comunitario que proporcionara servicios a los residentes de bajos ingresos del lado oeste de Indian\u00e1polis. Un a\u00f1o despu\u00e9s, naci\u00f3 el Centro de Salud Shalom (Shalom). En 27 a\u00f1os, Shalom est\u00e1 teniendo m\u00e1s impacto que nunca.<\/p><p>Shalom es una organizaci\u00f3n sin \u00e1nimo de lucro 501(c)3 que:<\/p><ul><li>Proporciona una atenci\u00f3n sanitaria excepcional centrada en el paciente que es asequible y accesible para todos;<\/li><li>Garantiza que los residentes de Indian\u00e1polis sin seguro, con seguro insuficiente y con bajos ingresos reciban los servicios sanitarios de calidad que necesitan; y<\/li><li>Act\u00faa como un hogar m\u00e9dico centrado en el paciente para los pacientes y las familias que atendemos.<\/li><\/ul><h3>NUESTRO PROYECTO - NUESTRO FUTURO<\/h3><ul><li><strong>Cuando<\/strong>: 22 de julio de 2021 de 16:00 a 18:00 horas.<\/li><li><strong>Qu\u00e9<\/strong>: Shalom's 34<sup>th<\/sup> Las renovaciones de la calle ofrecen servicios mejorados para satisfacer mejor las crecientes necesidades de nuestros pacientes y de nuestra comunidad.<\/li><li><strong>Por qu\u00e9<\/strong>: La ampliaci\u00f3n de nuestros servicios nos permite:<ul><li>Mejorar el acceso de los pacientes;<\/li><li>Mejorar la eficiencia de la cl\u00ednica;<\/li><li>Ampliar las capacidades del laboratorio;<\/li><li>Mejorar el flujo de pacientes;<\/li><li>Gestionar y supervisar los resultados de los pacientes;<\/li><li>Proporcionar servicios COVID-10; y<\/li><li>Crear zonas de aislamiento adicionales para la seguridad de nuestros pacientes.<\/li><\/ul><\/li><\/ul><h3>CELEBRACI\u00d3N DE LA COMUNIDAD:\u00a0\u00a0\u00a0\u00a0\u00a0\u00a0<\/h3><p>El jueves 22 de julio de 2021, Shalom te invita a:<\/p><ul><li>Acomp\u00e1\u00f1enos en el homenaje a nuestras dos fundadoras, Su Moore y Sandy Burgener, antiguas profesoras de la Escuela de Enfermer\u00eda de la Universidad de Indiana;<\/li><li>Vea nuestras instalaciones renovadas;<\/li><li>Conozca c\u00f3mo Shalom est\u00e1 marcando la diferencia en nuestra comunidad de Indian\u00e1polis; y<\/li><li>Conozca el papel que desempe\u00f1an los FQHC en nuestra comunidad.<\/li><\/ul><h3>EL PAPEL DE SU ASOCIACI\u00d3N:<\/h3><p>Su colaboraci\u00f3n afecta a la vida de miles de Hoosiers cada d\u00eda:<\/p><ul><li>Ampliar los programas y servicios existentes de Shalom;<\/li><li>Financiaci\u00f3n de la Cl\u00ednica de Vacunaci\u00f3n COVID-19 de Shalom; y<\/li><li>Proporcionar servicios de atenci\u00f3n sanitaria a nuestros vecinos Hoosier m\u00e1s vulnerables.<\/li><\/ul>\t\t\t\t\t\t\t\t<\/div>\n\t\t\t\t<\/div>\n\t\t\t\t\t<\/div>\n\t\t<\/div>\n\t\t\t\t\t<\/div>\n\t\t<\/section>\n\t\t\t\t<\/div>","protected":false},"excerpt":{"rendered":"<p>Project 2021 July 22, 2021 at 4:00 PM 3400 Lafayette Road, Suite 200, Indianapolis, IN 46222 In 1994, based on the need they were seeing in our community, two nurses had a vision of a community health center that would provide services to low-income residents on the west side of Indianapolis. One year later, Shalom [&hellip;]<\/p>\n","protected":false},"author":1,"featured_media":0,"parent":788,"menu_order":0,"comment_status":"closed","ping_status":"closed","template":"","meta":{"_acf_changed":false,"site-sidebar-layout":"no-sidebar","site-content-layout":"page-builder","ast-site-content-layout":"default","site-content-style":"default","site-sidebar-style":"default","ast-global-header-display":"","ast-banner-title-visibility":"","ast-main-header-display":"","ast-hfb-above-header-display":"","ast-hfb-below-header-display":"","ast-hfb-mobile-header-display":"","site-post-title":"disabled","ast-breadcrumbs-content":"","ast-featured-img":"disabled","footer-sml-layout":"","ast-disable-related-posts":"","theme-transparent-header-meta":"default","adv-header-id-meta":"","stick-header-meta":"default","header-above-stick-meta":"","header-main-stick-meta":"","header-below-stick-meta":"","astra-migrate-meta-layouts":"default","ast-page-background-enabled":"default","ast-page-background-meta":{"desktop":{"background-color":"","background-image":"","background-repeat":"repeat","background-position":"center center","background-size":"auto","background-attachment":"scroll","background-type":"","background-media":"","overlay-type":"","overlay-color":"","overlay-opacity":"","overlay-gradient":""},"tablet":{"background-color":"","background-image":"","background-repeat":"repeat","background-position":"center center","background-size":"auto","background-attachment":"scroll","background-type":"","background-media":"","overlay-type":"","overlay-color":"","overlay-opacity":"","overlay-gradient":""},"mobile":{"background-color":"","background-image":"","background-repeat":"repeat","background-position":"center center","background-size":"auto","background-attachment":"scroll","background-type":"","background-media":"","overlay-type":"","overlay-color":"","overlay-opacity":"","overlay-gradient":""}},"ast-content-background-meta":{"desktop":{"background-color":"var(--ast-global-color-5)","background-image":"","background-repeat":"repeat","background-position":"center center","background-size":"auto","background-attachment":"scroll","background-type":"","background-media":"","overlay-type":"","overlay-color":"","overlay-opacity":"","overlay-gradient":""},"tablet":{"background-color":"var(--ast-global-color-5)","background-image":"","background-repeat":"repeat","background-position":"center center","background-size":"auto","background-attachment":"scroll","background-type":"","background-media":"","overlay-type":"","overlay-color":"","overlay-opacity":"","overlay-gradient":""},"mobile":{"background-color":"var(--ast-global-color-5)","background-image":"","background-repeat":"repeat","background-position":"center center","background-size":"auto","background-attachment":"scroll","background-type":"","background-media":"","overlay-type":"","overlay-color":"","overlay-opacity":"","overlay-gradient":""}},"footnotes":""},"class_list":["post-1485","page","type-page","status-publish","hentry"],"acf":[],"_links":{"self":[{"href":"https:\/\/www.shalomhealthcenter.org\/es\/wp-json\/wp\/v2\/pages\/1485","targetHints":{"allow":["GET"]}}],"collection":[{"href":"https:\/\/www.shalomhealthcenter.org\/es\/wp-json\/wp\/v2\/pages"}],"about":[{"href":"https:\/\/www.shalomhealthcenter.org\/es\/wp-json\/wp\/v2\/types\/page"}],"author":[{"embeddable":true,"href":"https:\/\/www.shalomhealthcenter.org\/es\/wp-json\/wp\/v2\/users\/1"}],"replies":[{"embeddable":true,"href":"https:\/\/www.shalomhealthcenter.org\/es\/wp-json\/wp\/v2\/comments?post=1485"}],"version-history":[{"count":0,"href":"https:\/\/www.shalomhealthcenter.org\/es\/wp-json\/wp\/v2\/pages\/1485\/revisions"}],"up":[{"embeddable":true,"href":"https:\/\/www.shalomhealthcenter.org\/es\/wp-json\/wp\/v2\/pages\/788"}],"wp:attachment":[{"href":"https:\/\/www.shalomhealthcenter.org\/es\/wp-json\/wp\/v2\/media?parent=1485"}],"curies":[{"name":"wp","href":"https:\/\/api.w.org\/{rel}","templated":true}]}}