{"id":1505,"date":"2021-06-17T18:00:25","date_gmt":"2021-06-17T18:00:25","guid":{"rendered":"https:\/\/www.shalomhealthcenter.org\/?page_id=1505"},"modified":"2021-06-17T18:04:32","modified_gmt":"2021-06-17T18:04:32","slug":"mobile-clinic","status":"publish","type":"page","link":"https:\/\/www.shalomhealthcenter.org\/es\/services\/mobile-clinic\/","title":{"rendered":"Cl\u00ednica m\u00f3vil"},"content":{"rendered":"<div data-elementor-type=\"wp-page\" data-elementor-id=\"1505\" class=\"elementor elementor-1505\" data-elementor-post-type=\"page\">\n\t\t\t\t\t\t<section class=\"elementor-section elementor-top-section elementor-element elementor-element-a8e3285 elementor-section-boxed elementor-section-height-default elementor-section-height-default\" data-id=\"a8e3285\" data-element_type=\"section\" data-e-type=\"section\">\n\t\t\t\t\t\t<div class=\"elementor-container elementor-column-gap-default\">\n\t\t\t\t\t<div class=\"elementor-column elementor-col-100 elementor-top-column elementor-element elementor-element-90d5d7d\" data-id=\"90d5d7d\" data-element_type=\"column\" data-e-type=\"column\">\n\t\t\t<div class=\"elementor-widget-wrap elementor-element-populated\">\n\t\t\t\t\t\t<section class=\"elementor-section elementor-inner-section elementor-element elementor-element-4f0f628 elementor-section-boxed elementor-section-height-default elementor-section-height-default\" data-id=\"4f0f628\" data-element_type=\"section\" data-e-type=\"section\">\n\t\t\t\t\t\t<div class=\"elementor-container elementor-column-gap-default\">\n\t\t\t\t\t<div class=\"elementor-column elementor-col-50 elementor-inner-column elementor-element elementor-element-4b81c30\" data-id=\"4b81c30\" data-element_type=\"column\" data-e-type=\"column\">\n\t\t\t<div class=\"elementor-widget-wrap elementor-element-populated\">\n\t\t\t\t\t\t<div class=\"elementor-element elementor-element-914971e elementor-widget elementor-widget-heading\" data-id=\"914971e\" data-element_type=\"widget\" data-e-type=\"widget\" data-widget_type=\"heading.default\">\n\t\t\t\t<div class=\"elementor-widget-container\">\n\t\t\t\t\t<h2 class=\"elementor-heading-title elementor-size-default\">Cl\u00ednica m\u00f3vil de Shalom<\/h2>\t\t\t\t<\/div>\n\t\t\t\t<\/div>\n\t\t\t\t<div class=\"elementor-element elementor-element-e2caf79 elementor-widget elementor-widget-heading\" data-id=\"e2caf79\" data-element_type=\"widget\" data-e-type=\"widget\" data-widget_type=\"heading.default\">\n\t\t\t\t<div class=\"elementor-widget-container\">\n\t\t\t\t\t<h4 class=\"elementor-heading-title elementor-size-default\">Conocer a las familias donde est\u00e1n.<\/h4>\t\t\t\t<\/div>\n\t\t\t\t<\/div>\n\t\t\t\t<div class=\"elementor-element elementor-element-07f24f8 elementor-widget elementor-widget-text-editor\" data-id=\"07f24f8\" data-element_type=\"widget\" data-e-type=\"widget\" data-widget_type=\"text-editor.default\">\n\t\t\t\t<div class=\"elementor-widget-container\">\n\t\t\t\t\t\t\t\t\t<p>La Cl\u00ednica M\u00f3vil comenz\u00f3 a prestar servicios en agosto de 2020. Originalmente hab\u00edamos recogido la unidad en octubre de 2019 con la intenci\u00f3n de empezar a prestar servicios en marzo de 2020, pero entonces lleg\u00f3 el COVID.<\/p><p>La Cl\u00ednica M\u00f3vil Shalom busca crear ambientes saludables y aumentar la equidad en la salud a trav\u00e9s de tratamientos de salud interdisciplinarios preventivos y sensibles a las comunidades de bajos ingresos y a las poblaciones minoritarias, llevando los servicios de salud a la puerta de los barrios y organizaciones, eliminando las barreras de acceso a los servicios de salud de calidad. Ofrecemos atenci\u00f3n primaria, trastornos por consumo de sustancias, salud conductual y pruebas y educaci\u00f3n sobre el VIH a bordo de la cl\u00ednica m\u00f3vil, en colaboraci\u00f3n con varias agencias de la comunidad. La Cl\u00ednica M\u00f3vil tambi\u00e9n participa en varios eventos en la ciudad a lo largo del a\u00f1o ofreciendo ex\u00e1menes de salud y pruebas de VIH gratuitas.<\/p>\t\t\t\t\t\t\t\t<\/div>\n\t\t\t\t<\/div>\n\t\t\t\t\t<\/div>\n\t\t<\/div>\n\t\t\t\t<div class=\"elementor-column elementor-col-50 elementor-inner-column elementor-element elementor-element-0d6f3ea\" data-id=\"0d6f3ea\" data-element_type=\"column\" data-e-type=\"column\">\n\t\t\t<div class=\"elementor-widget-wrap elementor-element-populated\">\n\t\t\t\t\t\t<div class=\"elementor-element elementor-element-eb804a7 elementor-widget elementor-widget-image\" data-id=\"eb804a7\" data-element_type=\"widget\" data-e-type=\"widget\" data-widget_type=\"image.default\">\n\t\t\t\t<div class=\"elementor-widget-container\">\n\t\t\t\t\t\t\t\t\t\t\t\t\t\t\t<img fetchpriority=\"high\" decoding=\"async\" width=\"1024\" height=\"1024\" src=\"https:\/\/www.shalomhealthcenter.org\/wp-content\/uploads\/2021\/06\/Shalom-Mobile-Clinic-1024x1024.png\" class=\"attachment-large size-large wp-image-1510\" alt=\"\" srcset=\"https:\/\/www.shalomhealthcenter.org\/wp-content\/uploads\/2021\/06\/Shalom-Mobile-Clinic-1024x1024.png 1024w, https:\/\/www.shalomhealthcenter.org\/wp-content\/uploads\/2021\/06\/Shalom-Mobile-Clinic-300x300.png 300w, https:\/\/www.shalomhealthcenter.org\/wp-content\/uploads\/2021\/06\/Shalom-Mobile-Clinic-150x150.png 150w, https:\/\/www.shalomhealthcenter.org\/wp-content\/uploads\/2021\/06\/Shalom-Mobile-Clinic-768x768.png 768w, https:\/\/www.shalomhealthcenter.org\/wp-content\/uploads\/2021\/06\/Shalom-Mobile-Clinic-12x12.png 12w, https:\/\/www.shalomhealthcenter.org\/wp-content\/uploads\/2021\/06\/Shalom-Mobile-Clinic.png 1200w\" sizes=\"(max-width: 1024px) 100vw, 1024px\" \/>\t\t\t\t\t\t\t\t\t\t\t\t\t\t\t<\/div>\n\t\t\t\t<\/div>\n\t\t\t\t\t<\/div>\n\t\t<\/div>\n\t\t\t\t\t<\/div>\n\t\t<\/section>\n\t\t\t\t\t<\/div>\n\t\t<\/div>\n\t\t\t\t\t<\/div>\n\t\t<\/section>\n\t\t\t\t<\/div>","protected":false},"excerpt":{"rendered":"<p>Shalom&#8217;s Mobile Clinic Meeting families where they are. The Mobile Clinic started providing services in August 2020. We had originally picked up the unit in October 2019 with the intention of beginning services in March of 2020, but then COVID hit. Shalom Mobile Clinic seeks to create healthy environments and increase health equity through preventative [&hellip;]<\/p>\n","protected":false},"author":1,"featured_media":1507,"parent":809,"menu_order":0,"comment_status":"closed","ping_status":"closed","template":"","meta":{"_acf_changed":false,"site-sidebar-layout":"no-sidebar","site-content-layout":"page-builder","ast-site-content-layout":"default","site-content-style":"default","site-sidebar-style":"default","ast-global-header-display":"","ast-banner-title-visibility":"","ast-main-header-display":"","ast-hfb-above-header-display":"","ast-hfb-below-header-display":"","ast-hfb-mobile-header-display":"","site-post-title":"disabled","ast-breadcrumbs-content":"","ast-featured-img":"disabled","footer-sml-layout":"","ast-disable-related-posts":"","theme-transparent-header-meta":"default","adv-header-id-meta":"","stick-header-meta":"default","header-above-stick-meta":"","header-main-stick-meta":"","header-below-stick-meta":"","astra-migrate-meta-layouts":"default","ast-page-background-enabled":"default","ast-page-background-meta":{"desktop":{"background-color":"","background-image":"","background-repeat":"repeat","background-position":"center center","background-size":"auto","background-attachment":"scroll","background-type":"","background-media":"","overlay-type":"","overlay-color":"","overlay-opacity":"","overlay-gradient":""},"tablet":{"background-color":"","background-image":"","background-repeat":"repeat","background-position":"center center","background-size":"auto","background-attachment":"scroll","background-type":"","background-media":"","overlay-type":"","overlay-color":"","overlay-opacity":"","overlay-gradient":""},"mobile":{"background-color":"","background-image":"","background-repeat":"repeat","background-position":"center center","background-size":"auto","background-attachment":"scroll","background-type":"","background-media":"","overlay-type":"","overlay-color":"","overlay-opacity":"","overlay-gradient":""}},"ast-content-background-meta":{"desktop":{"background-color":"var(--ast-global-color-5)","background-image":"","background-repeat":"repeat","background-position":"center center","background-size":"auto","background-attachment":"scroll","background-type":"","background-media":"","overlay-type":"","overlay-color":"","overlay-opacity":"","overlay-gradient":""},"tablet":{"background-color":"var(--ast-global-color-5)","background-image":"","background-repeat":"repeat","background-position":"center center","background-size":"auto","background-attachment":"scroll","background-type":"","background-media":"","overlay-type":"","overlay-color":"","overlay-opacity":"","overlay-gradient":""},"mobile":{"background-color":"var(--ast-global-color-5)","background-image":"","background-repeat":"repeat","background-position":"center center","background-size":"auto","background-attachment":"scroll","background-type":"","background-media":"","overlay-type":"","overlay-color":"","overlay-opacity":"","overlay-gradient":""}},"footnotes":""},"class_list":["post-1505","page","type-page","status-publish","has-post-thumbnail","hentry"],"acf":[],"_links":{"self":[{"href":"https:\/\/www.shalomhealthcenter.org\/es\/wp-json\/wp\/v2\/pages\/1505","targetHints":{"allow":["GET"]}}],"collection":[{"href":"https:\/\/www.shalomhealthcenter.org\/es\/wp-json\/wp\/v2\/pages"}],"about":[{"href":"https:\/\/www.shalomhealthcenter.org\/es\/wp-json\/wp\/v2\/types\/page"}],"author":[{"embeddable":true,"href":"https:\/\/www.shalomhealthcenter.org\/es\/wp-json\/wp\/v2\/users\/1"}],"replies":[{"embeddable":true,"href":"https:\/\/www.shalomhealthcenter.org\/es\/wp-json\/wp\/v2\/comments?post=1505"}],"version-history":[{"count":0,"href":"https:\/\/www.shalomhealthcenter.org\/es\/wp-json\/wp\/v2\/pages\/1505\/revisions"}],"up":[{"embeddable":true,"href":"https:\/\/www.shalomhealthcenter.org\/es\/wp-json\/wp\/v2\/pages\/809"}],"wp:featuredmedia":[{"embeddable":true,"href":"https:\/\/www.shalomhealthcenter.org\/es\/wp-json\/wp\/v2\/media\/1507"}],"wp:attachment":[{"href":"https:\/\/www.shalomhealthcenter.org\/es\/wp-json\/wp\/v2\/media?parent=1505"}],"curies":[{"name":"wp","href":"https:\/\/api.w.org\/{rel}","templated":true}]}}