{"id":989,"date":"2021-03-30T17:26:54","date_gmt":"2021-03-30T17:26:54","guid":{"rendered":"https:\/\/www.shalomhealthcenter.org\/?page_id=989"},"modified":"2026-04-17T12:46:38","modified_gmt":"2026-04-17T16:46:38","slug":"service-costs","status":"publish","type":"page","link":"https:\/\/www.shalomhealthcenter.org\/es\/service-costs\/","title":{"rendered":"Costes del servicio"},"content":{"rendered":"<div data-elementor-type=\"wp-page\" data-elementor-id=\"989\" class=\"elementor elementor-989\" data-elementor-post-type=\"page\">\n\t\t\t\t\t\t<section class=\"elementor-section elementor-top-section elementor-element elementor-element-c37562f elementor-section-boxed elementor-section-height-default elementor-section-height-default\" data-id=\"c37562f\" data-element_type=\"section\" data-e-type=\"section\">\n\t\t\t\t\t\t<div class=\"elementor-container elementor-column-gap-extended\">\n\t\t\t\t\t<div class=\"elementor-column elementor-col-66 elementor-top-column elementor-element elementor-element-de4bdf0\" data-id=\"de4bdf0\" data-element_type=\"column\" data-e-type=\"column\">\n\t\t\t<div class=\"elementor-widget-wrap elementor-element-populated\">\n\t\t\t\t\t\t<div class=\"elementor-element elementor-element-210363e elementor-widget elementor-widget-heading\" data-id=\"210363e\" data-element_type=\"widget\" data-e-type=\"widget\" data-widget_type=\"heading.default\">\n\t\t\t\t<div class=\"elementor-widget-container\">\n\t\t\t\t\t<h2 class=\"elementor-heading-title elementor-size-default\">\u00bfCu\u00e1nto costar\u00e1 mi consulta?<\/h2>\t\t\t\t<\/div>\n\t\t\t\t<\/div>\n\t\t\t\t<div class=\"elementor-element elementor-element-c866b45 elementor-widget elementor-widget-heading\" data-id=\"c866b45\" data-element_type=\"widget\" data-e-type=\"widget\" data-widget_type=\"heading.default\">\n\t\t\t\t<div class=\"elementor-widget-container\">\n\t\t\t\t\t<h4 class=\"elementor-heading-title elementor-size-default\">Shalom ofrece un programa de descuentos de tarifas variables.<\/h4>\t\t\t\t<\/div>\n\t\t\t\t<\/div>\n\t\t\t\t<div class=\"elementor-element elementor-element-55add4b elementor-widget elementor-widget-text-editor\" data-id=\"55add4b\" data-element_type=\"widget\" data-e-type=\"widget\" data-widget_type=\"text-editor.default\">\n\t\t\t\t<div class=\"elementor-widget-container\">\n\t\t\t\t\t\t\t\t\t<p>Cuando acude a Shalom como paciente su primer paso es reunirse con un asesor financiero que le explicar\u00e1 los costos de su atenci\u00f3n m\u00e9dica y lo ayudar\u00e1 a averiguar c\u00f3mo cubrirlos. Lo ayudaremos a averiguar si es elegible para recibir servicios a un costo reducido o sin costo alguno para usted a trav\u00e9s de programas como Medicaid, Shalom Advantage y el Programa de Asistencia de Medicamentos con Receta.<\/p><p>Los servicios de la cl\u00ednica de atenci\u00f3n primaria de Shalom se ofrecen en una escala de tarifas variables seg\u00fan el tama\u00f1o de la familia y los ingresos. Su asesor financiero trabajar\u00e1 con usted para aplicar todos los descuentos para los que califica y as\u00ed asegurarse de que su atenci\u00f3n m\u00e9dica sea lo m\u00e1s asequible posible.\u00a0<\/p>\t\t\t\t\t\t\t\t<\/div>\n\t\t\t\t<\/div>\n\t\t\t\t<div class=\"elementor-element elementor-element-553c9e3 elementor-widget elementor-widget-heading\" data-id=\"553c9e3\" data-element_type=\"widget\" data-e-type=\"widget\" data-widget_type=\"heading.default\">\n\t\t\t\t<div class=\"elementor-widget-container\">\n\t\t\t\t\t<h4 class=\"elementor-heading-title elementor-size-default\">Tasas de las cl\u00ednicas escolares<\/h4>\t\t\t\t<\/div>\n\t\t\t\t<\/div>\n\t\t\t\t<div class=\"elementor-element elementor-element-e84fac9 elementor-widget elementor-widget-text-editor\" data-id=\"e84fac9\" data-element_type=\"widget\" data-e-type=\"widget\" data-widget_type=\"text-editor.default\">\n\t\t\t\t<div class=\"elementor-widget-container\">\n\t\t\t\t\t\t\t\t\t<p>Los servicios de las cl\u00ednicas escolares de Shalom son gratuitos para las familias, independientemente de la cobertura del seguro, gracias al apoyo de nuestros donantes y las alianzas comunitarias.<\/p>\t\t\t\t\t\t\t\t<\/div>\n\t\t\t\t<\/div>\n\t\t\t\t<div class=\"elementor-element elementor-element-5a49186 elementor-widget elementor-widget-heading\" data-id=\"5a49186\" data-element_type=\"widget\" data-e-type=\"widget\" data-widget_type=\"heading.default\">\n\t\t\t\t<div class=\"elementor-widget-container\">\n\t\t\t\t\t<h4 class=\"elementor-heading-title elementor-size-default\">Capacidad de pago<\/h4>\t\t\t\t<\/div>\n\t\t\t\t<\/div>\n\t\t\t\t<div class=\"elementor-element elementor-element-9961e3d elementor-widget elementor-widget-text-editor\" data-id=\"9961e3d\" data-element_type=\"widget\" data-e-type=\"widget\" data-widget_type=\"text-editor.default\">\n\t\t\t\t<div class=\"elementor-widget-container\">\n\t\t\t\t\t\t\t\t\t<p>Este centro de salud atiende a todos los pacientes independientemente de su capacidad de pago. Se ofrecen descuentos para servicios esenciales basados en el tama\u00f1o de la familia y los ingresos.\u00a0<span style=\"color: var( --e-global-color-text ); font-family: var( --e-global-typography-text-font-family ), Sans-serif; font-style: inherit; font-weight: inherit;\">For more information, please inquire at the front desk or visit our website. Thank you!<\/span><\/p>\t\t\t\t\t\t\t\t<\/div>\n\t\t\t\t<\/div>\n\t\t\t\t<div class=\"elementor-element elementor-element-ad360c7 elementor-widget elementor-widget-image\" data-id=\"ad360c7\" data-element_type=\"widget\" data-e-type=\"widget\" data-widget_type=\"image.default\">\n\t\t\t\t<div class=\"elementor-widget-container\">\n\t\t\t\t\t\t\t\t\t\t\t\t\t\t\t<img fetchpriority=\"high\" decoding=\"async\" width=\"1978\" height=\"2560\" src=\"https:\/\/www.shalomhealthcenter.org\/wp-content\/uploads\/2025\/05\/Spanish-2026-SFD-scaled.png\" class=\"attachment-full size-full wp-image-2153\" alt=\"\" srcset=\"https:\/\/www.shalomhealthcenter.org\/wp-content\/uploads\/2025\/05\/Spanish-2026-SFD-scaled.png 1978w, https:\/\/www.shalomhealthcenter.org\/wp-content\/uploads\/2025\/05\/Spanish-2026-SFD-232x300.png 232w, https:\/\/www.shalomhealthcenter.org\/wp-content\/uploads\/2025\/05\/Spanish-2026-SFD-791x1024.png 791w, https:\/\/www.shalomhealthcenter.org\/wp-content\/uploads\/2025\/05\/Spanish-2026-SFD-768x994.png 768w, https:\/\/www.shalomhealthcenter.org\/wp-content\/uploads\/2025\/05\/Spanish-2026-SFD-1187x1536.png 1187w, https:\/\/www.shalomhealthcenter.org\/wp-content\/uploads\/2025\/05\/Spanish-2026-SFD-1583x2048.png 1583w, https:\/\/www.shalomhealthcenter.org\/wp-content\/uploads\/2025\/05\/Spanish-2026-SFD-9x12.png 9w\" sizes=\"(max-width: 1978px) 100vw, 1978px\" \/>\t\t\t\t\t\t\t\t\t\t\t\t\t\t\t<\/div>\n\t\t\t\t<\/div>\n\t\t\t\t\t<\/div>\n\t\t<\/div>\n\t\t\t\t<div class=\"elementor-column elementor-col-33 elementor-top-column elementor-element elementor-element-f6ca11d\" data-id=\"f6ca11d\" data-element_type=\"column\" data-e-type=\"column\">\n\t\t\t<div class=\"elementor-widget-wrap elementor-element-populated\">\n\t\t\t\t\t\t<div class=\"elementor-element elementor-element-db06ee0 elementor-position-inline-start elementor-view-default elementor-mobile-position-block-start elementor-widget elementor-widget-icon-box\" data-id=\"db06ee0\" data-element_type=\"widget\" data-e-type=\"widget\" data-widget_type=\"icon-box.default\">\n\t\t\t\t<div class=\"elementor-widget-container\">\n\t\t\t\t\t\t\t<div class=\"elementor-icon-box-wrapper\">\n\n\t\t\t\t\t\t<div class=\"elementor-icon-box-icon\">\n\t\t\t\t<a href=\"https:\/\/www.shalomhealthcenter.org\/wp-content\/uploads\/2025\/05\/Spanish-2026-SFD.pdf\" target=\"_blank\" class=\"elementor-icon\" tabindex=\"-1\" aria-label=\"Escala de Descuento por Tarifa Variable\">\n\t\t\t\t<i aria-hidden=\"true\" class=\"far fa-pen-square\"><\/i>\t\t\t\t<\/a>\n\t\t\t<\/div>\n\t\t\t\n\t\t\t\t\t\t<div class=\"elementor-icon-box-content\">\n\n\t\t\t\t\t\t\t\t\t<h3 class=\"elementor-icon-box-title\">\n\t\t\t\t\t\t<a href=\"https:\/\/www.shalomhealthcenter.org\/wp-content\/uploads\/2025\/05\/Spanish-2026-SFD.pdf\" target=\"_blank\" >\n\t\t\t\t\t\t\tEscala de Descuento por Tarifa Variable\t\t\t\t\t\t<\/a>\n\t\t\t\t\t<\/h3>\n\t\t\t\t\n\t\t\t\t\t\t\t\t\t<p class=\"elementor-icon-box-description\">\n\t\t\t\t\t\tClick here to review our Sliding Fee Discount Scale.\t\t\t\t\t<\/p>\n\t\t\t\t\n\t\t\t<\/div>\n\t\t\t\n\t\t<\/div>\n\t\t\t\t\t\t<\/div>\n\t\t\t\t<\/div>\n\t\t\t\t<div class=\"elementor-element elementor-element-4fd50b2 elementor-position-inline-start elementor-view-default elementor-mobile-position-block-start elementor-widget elementor-widget-icon-box\" data-id=\"4fd50b2\" data-element_type=\"widget\" data-e-type=\"widget\" data-widget_type=\"icon-box.default\">\n\t\t\t\t<div class=\"elementor-widget-container\">\n\t\t\t\t\t\t\t<div class=\"elementor-icon-box-wrapper\">\n\n\t\t\t\t\t\t<div class=\"elementor-icon-box-icon\">\n\t\t\t\t<a href=\"https:\/\/form.jotform.com\/210987128199165\" target=\"_blank\" class=\"elementor-icon\" tabindex=\"-1\" aria-label=\"Solicitud de descuentos de tarifas variables\">\n\t\t\t\t<i aria-hidden=\"true\" class=\"far fa-pen-square\"><\/i>\t\t\t\t<\/a>\n\t\t\t<\/div>\n\t\t\t\n\t\t\t\t\t\t<div class=\"elementor-icon-box-content\">\n\n\t\t\t\t\t\t\t\t\t<h3 class=\"elementor-icon-box-title\">\n\t\t\t\t\t\t<a href=\"https:\/\/form.jotform.com\/210987128199165\" target=\"_blank\" >\n\t\t\t\t\t\t\tSolicitud de descuentos de tarifas variables\t\t\t\t\t\t<\/a>\n\t\t\t\t\t<\/h3>\n\t\t\t\t\n\t\t\t\t\t\t\t\t\t<p class=\"elementor-icon-box-description\">\n\t\t\t\t\t\tHaga clic aqu\u00ed para completar una solicitud para el programa de descuentos de tarifas variables.\t\t\t\t\t<\/p>\n\t\t\t\t\n\t\t\t<\/div>\n\t\t\t\n\t\t<\/div>\n\t\t\t\t\t\t<\/div>\n\t\t\t\t<\/div>\n\t\t\t\t<div class=\"elementor-element elementor-element-77728a6 elementor-position-inline-start elementor-hidden-desktop elementor-hidden-tablet elementor-hidden-mobile elementor-view-default elementor-mobile-position-block-start elementor-widget elementor-widget-icon-box\" data-id=\"77728a6\" data-element_type=\"widget\" data-e-type=\"widget\" data-widget_type=\"icon-box.default\">\n\t\t\t\t<div class=\"elementor-widget-container\">\n\t\t\t\t\t\t\t<div class=\"elementor-icon-box-wrapper\">\n\n\t\t\t\t\t\t<div class=\"elementor-icon-box-icon\">\n\t\t\t\t<a href=\"https:\/\/form.jotform.com\/210985937729069\" target=\"_blank\" class=\"elementor-icon\" tabindex=\"-1\" aria-label=\"Calcule su descuento en la tarifa de servicio de visitas\">\n\t\t\t\t<i aria-hidden=\"true\" class=\"far fa-calculator\"><\/i>\t\t\t\t<\/a>\n\t\t\t<\/div>\n\t\t\t\n\t\t\t\t\t\t<div class=\"elementor-icon-box-content\">\n\n\t\t\t\t\t\t\t\t\t<h3 class=\"elementor-icon-box-title\">\n\t\t\t\t\t\t<a href=\"https:\/\/form.jotform.com\/210985937729069\" target=\"_blank\" >\n\t\t\t\t\t\t\tCalcule su descuento en la tarifa de servicio de visitas\t\t\t\t\t\t<\/a>\n\t\t\t\t\t<\/h3>\n\t\t\t\t\n\t\t\t\t\t\t\t\t\t<p class=\"elementor-icon-box-description\">\n\t\t\t\t\t\tPuede utilizar nuestra calculadora de tasas de servicio para estimar su descuento.\t\t\t\t\t<\/p>\n\t\t\t\t\n\t\t\t<\/div>\n\t\t\t\n\t\t<\/div>\n\t\t\t\t\t\t<\/div>\n\t\t\t\t<\/div>\n\t\t\t\t\t<\/div>\n\t\t<\/div>\n\t\t\t\t\t<\/div>\n\t\t<\/section>\n\t\t<div class=\"elementor-element elementor-element-gfe0001 e-flex e-con-boxed e-con e-parent\" data-id=\"gfe0001\" data-element_type=\"container\" data-e-type=\"container\" data-settings=\"{&quot;background_background&quot;:&quot;classic&quot;}\">\n\t\t\t\t\t<div class=\"e-con-inner\">\n\t\t\t\t<div class=\"elementor-element elementor-element-gfe0010 elementor-widget elementor-widget-heading\" data-id=\"gfe0010\" data-element_type=\"widget\" data-e-type=\"widget\" data-widget_type=\"heading.default\">\n\t\t\t\t<div class=\"elementor-widget-container\">\n\t\t\t\t\t<h3 class=\"elementor-heading-title elementor-size-default\">Conozca Sus Derechos: Ley De \u201cNo Sorpresas\u201d<\/h3>\t\t\t\t<\/div>\n\t\t\t\t<\/div>\n\t\t\t\t<div class=\"elementor-element elementor-element-gfe0011 elementor-widget elementor-widget-text-editor\" data-id=\"gfe0011\" data-element_type=\"widget\" data-e-type=\"widget\" data-widget_type=\"text-editor.default\">\n\t\t\t\t<div class=\"elementor-widget-container\">\n\t\t\t\t\t\t\t\t\t<p><strong>Usted est\u00e1 protegido contra facturas m\u00e9dicas inesperadas.<\/strong><\/p><p>La Ley de No Sorpresas es una ley federal que protege a los pacientes contra facturas m\u00e9dicas inesperadas por ciertos servicios. Esto significa que usted tiene el derecho de conocer el costo estimado de su atenci\u00f3n antes de recibir los servicios.<\/p><h4 style=\"color: #002554; font-family: Poppins, sans-serif;\">Lo que esto significa para usted:<\/h4><ul><li>Usted tiene derecho a recibir una Estimaci\u00f3n de Buena Fe del costo de su visita<\/li><li>Cuando sea posible, se le informar\u00e1 sobre los cargos esperados por los servicios<\/li><li>Usted est\u00e1 protegido contra facturas m\u00e9dicas inesperadas u ocultas por servicios cubiertos<\/li><\/ul><h4 style=\"color: #002554; font-family: Poppins, sans-serif;\">\u00bfLe gustar\u00eda conocer el costo estimado de su visita?<\/h4><p>Por favor, pregunte a un Representante de Servicios al Paciente sobre su Estimaci\u00f3n de Buena Fe, que se proporcionar\u00e1 dentro de uno a tres d\u00edas h\u00e1biles.<\/p><p><em>Estamos aqu\u00ed para ayudarle a comprender su atenci\u00f3n m\u00e9dica y sus costos.<\/em><\/p>\t\t\t\t\t\t\t\t<\/div>\n\t\t\t\t<\/div>\n\t\t\t\t\t<\/div>\n\t\t\t\t<\/div>\n\t\t\t\t<\/div>","protected":false},"excerpt":{"rendered":"<p>How much will my visit cost? Shalom offers a sliding fee discount program. When you come to Shalom as a patient, your first step is to meet with a financial counselor who will help explain the costs of your health care and help you figure out how to cover those costs. We\u2019ll help you find [&hellip;]<\/p>\n","protected":false},"author":1,"featured_media":0,"parent":0,"menu_order":0,"comment_status":"closed","ping_status":"closed","template":"","meta":{"_acf_changed":false,"site-sidebar-layout":"no-sidebar","site-content-layout":"page-builder","ast-site-content-layout":"default","site-content-style":"default","site-sidebar-style":"default","ast-global-header-display":"","ast-banner-title-visibility":"","ast-main-header-display":"","ast-hfb-above-header-display":"","ast-hfb-below-header-display":"","ast-hfb-mobile-header-display":"","site-post-title":"disabled","ast-breadcrumbs-content":"","ast-featured-img":"disabled","footer-sml-layout":"","ast-disable-related-posts":"","theme-transparent-header-meta":"","adv-header-id-meta":"","stick-header-meta":"","header-above-stick-meta":"","header-main-stick-meta":"","header-below-stick-meta":"","astra-migrate-meta-layouts":"default","ast-page-background-enabled":"default","ast-page-background-meta":{"desktop":{"background-color":"","background-image":"","background-repeat":"repeat","background-position":"center center","background-size":"auto","background-attachment":"scroll","background-type":"","background-media":"","overlay-type":"","overlay-color":"","overlay-opacity":"","overlay-gradient":""},"tablet":{"background-color":"","background-image":"","background-repeat":"repeat","background-position":"center center","background-size":"auto","background-attachment":"scroll","background-type":"","background-media":"","overlay-type":"","overlay-color":"","overlay-opacity":"","overlay-gradient":""},"mobile":{"background-color":"","background-image":"","background-repeat":"repeat","background-position":"center center","background-size":"auto","background-attachment":"scroll","background-type":"","background-media":"","overlay-type":"","overlay-color":"","overlay-opacity":"","overlay-gradient":""}},"ast-content-background-meta":{"desktop":{"background-color":"var(--ast-global-color-5)","background-image":"","background-repeat":"repeat","background-position":"center center","background-size":"auto","background-attachment":"scroll","background-type":"","background-media":"","overlay-type":"","overlay-color":"","overlay-opacity":"","overlay-gradient":""},"tablet":{"background-color":"var(--ast-global-color-5)","background-image":"","background-repeat":"repeat","background-position":"center center","background-size":"auto","background-attachment":"scroll","background-type":"","background-media":"","overlay-type":"","overlay-color":"","overlay-opacity":"","overlay-gradient":""},"mobile":{"background-color":"var(--ast-global-color-5)","background-image":"","background-repeat":"repeat","background-position":"center center","background-size":"auto","background-attachment":"scroll","background-type":"","background-media":"","overlay-type":"","overlay-color":"","overlay-opacity":"","overlay-gradient":""}},"footnotes":""},"class_list":["post-989","page","type-page","status-publish","hentry"],"acf":[],"_links":{"self":[{"href":"https:\/\/www.shalomhealthcenter.org\/es\/wp-json\/wp\/v2\/pages\/989","targetHints":{"allow":["GET"]}}],"collection":[{"href":"https:\/\/www.shalomhealthcenter.org\/es\/wp-json\/wp\/v2\/pages"}],"about":[{"href":"https:\/\/www.shalomhealthcenter.org\/es\/wp-json\/wp\/v2\/types\/page"}],"author":[{"embeddable":true,"href":"https:\/\/www.shalomhealthcenter.org\/es\/wp-json\/wp\/v2\/users\/1"}],"replies":[{"embeddable":true,"href":"https:\/\/www.shalomhealthcenter.org\/es\/wp-json\/wp\/v2\/comments?post=989"}],"version-history":[{"count":0,"href":"https:\/\/www.shalomhealthcenter.org\/es\/wp-json\/wp\/v2\/pages\/989\/revisions"}],"wp:attachment":[{"href":"https:\/\/www.shalomhealthcenter.org\/es\/wp-json\/wp\/v2\/media?parent=989"}],"curies":[{"name":"wp","href":"https:\/\/api.w.org\/{rel}","templated":true}]}}